{"id":23,"date":"2025-04-08T10:47:18","date_gmt":"2025-04-08T08:47:18","guid":{"rendered":"https:\/\/sauvegardemontsducantal.fr\/?page_id=23"},"modified":"2025-05-14T15:19:13","modified_gmt":"2025-05-14T13:19:13","slug":"devenir-adherent","status":"publish","type":"page","link":"https:\/\/sauvegardemontsducantal.fr\/?page_id=23","title":{"rendered":"J&#8217;adh\u00e8re"},"content":{"rendered":"\t\t<div data-elementor-type=\"wp-page\" data-elementor-id=\"23\" class=\"elementor elementor-23\">\n\t\t\t\t<div class=\"elementor-element elementor-element-10da824 e-grid e-con-boxed e-con e-parent\" data-id=\"10da824\" data-element_type=\"container\">\n\t\t\t\t\t<div class=\"e-con-inner\">\n\t\t\t\t<div class=\"elementor-element elementor-element-8f81566 elementor-widget elementor-widget-text-editor\" data-id=\"8f81566\" data-element_type=\"widget\" data-widget_type=\"text-editor.default\">\n\t\t\t\t<div class=\"elementor-widget-container\">\n\t\t\t\t\t\t\t\t\t<h3 class=\"\" data-start=\"201\" data-end=\"246\">Devenez adh\u00e9rent de notre association !<\/h3><p class=\"\" data-start=\"248\" data-end=\"345\">Vous souhaitez vous engager \u00e0 nos c\u00f4t\u00e9s et faire bouger les choses ?<\/p><p class=\"\" data-start=\"347\" data-end=\"397\">Rejoignez notre association en devenant adh\u00e9rent !<\/p><p class=\"\" data-start=\"399\" data-end=\"421\">\u00catre adh\u00e9rent, c\u2019est :<\/p><ul><li class=\"\" data-start=\"422\" data-end=\"470\"><p class=\"\" data-start=\"424\" data-end=\"470\">Soutenir activement nos actions et nos projets<\/p><\/li><li class=\"\" data-start=\"471\" data-end=\"509\"><p class=\"\" data-start=\"473\" data-end=\"509\">Participer \u00e0 la vie de l\u2019association<\/p><\/li><li class=\"\" data-start=\"510\" data-end=\"567\"><p class=\"\" data-start=\"512\" data-end=\"567\">\u00catre inform\u00e9 en priorit\u00e9 de nos \u00e9v\u00e9nements et activit\u00e9s<\/p><\/li><li class=\"\" data-start=\"568\" data-end=\"625\"><p class=\"\" data-start=\"570\" data-end=\"625\">Avoir un droit de vote lors de nos assembl\u00e9es g\u00e9n\u00e9rales<\/p><\/li><\/ul><p class=\"\" data-start=\"627\" data-end=\"729\"><strong data-start=\"627\" data-end=\"655\">Votre engagement compte.<\/strong><br data-start=\"655\" data-end=\"658\" \/>Chaque adh\u00e9sion renforce notre impact et nous permet d\u2019aller plus loin.<\/p><p class=\"\" data-start=\"731\" data-end=\"813\"><img decoding=\"async\" class=\"emoji\" role=\"img\" draggable=\"false\" src=\"https:\/\/s.w.org\/images\/core\/emoji\/15.1.0\/svg\/1f4cc.svg\" alt=\"\ud83d\udccc\" \/> Pour adh\u00e9rer, Je remplis de formulaire ci-dessous\u00a0<\/p><hr class=\"\" data-start=\"864\" data-end=\"867\" \/>\t\t\t\t\t\t\t\t<\/div>\n\t\t\t\t<\/div>\n\t\t\t\t<div class=\"elementor-element elementor-element-147df7b elementor-widget elementor-widget-image\" data-id=\"147df7b\" data-element_type=\"widget\" data-widget_type=\"image.default\">\n\t\t\t\t<div class=\"elementor-widget-container\">\n\t\t\t\t\t\t\t\t\t\t\t\t\t\t\t<img fetchpriority=\"high\" decoding=\"async\" width=\"1024\" height=\"579\" src=\"https:\/\/sauvegardemontsducantal.fr\/wp-content\/uploads\/2025\/04\/Faire-un-don-1-1024x579.png\" class=\"attachment-large size-large wp-image-169\" alt=\"\" srcset=\"https:\/\/sauvegardemontsducantal.fr\/wp-content\/uploads\/2025\/04\/Faire-un-don-1-1024x579.png 1024w, https:\/\/sauvegardemontsducantal.fr\/wp-content\/uploads\/2025\/04\/Faire-un-don-1-300x170.png 300w, https:\/\/sauvegardemontsducantal.fr\/wp-content\/uploads\/2025\/04\/Faire-un-don-1-768x434.png 768w, https:\/\/sauvegardemontsducantal.fr\/wp-content\/uploads\/2025\/04\/Faire-un-don-1.png 1472w\" sizes=\"(max-width: 1024px) 100vw, 1024px\" \/>\t\t\t\t\t\t\t\t\t\t\t\t\t\t\t<\/div>\n\t\t\t\t<\/div>\n\t\t\t\t\t<\/div>\n\t\t\t\t<\/div>\n\t\t<div class=\"elementor-element elementor-element-e35216a e-flex e-con-boxed e-con e-parent\" data-id=\"e35216a\" data-element_type=\"container\">\n\t\t\t\t\t<div class=\"e-con-inner\">\n\t\t\t\t\t<\/div>\n\t\t\t\t<\/div>\n\t\t<div class=\"elementor-element elementor-element-1a18b67 e-flex e-con-boxed e-con e-parent\" data-id=\"1a18b67\" data-element_type=\"container\">\n\t\t\t\t\t<div class=\"e-con-inner\">\n\t\t\t\t<div class=\"elementor-element elementor-element-6967b15 elementor-widget elementor-widget-heading\" data-id=\"6967b15\" data-element_type=\"widget\" data-widget_type=\"heading.default\">\n\t\t\t\t<div class=\"elementor-widget-container\">\n\t\t\t\t\t<h2 class=\"elementor-heading-title elementor-size-default\">Bulletin d'adh\u00e9sion <\/h2>\t\t\t\t<\/div>\n\t\t\t\t<\/div>\n\t\t\t\t<div class=\"elementor-element elementor-element-f724dab elementor-invisible elementor-widget elementor-widget-wp-widget-frm_show_form\" data-id=\"f724dab\" data-element_type=\"widget\" data-settings=\"{&quot;_animation&quot;:&quot;zoomIn&quot;}\" data-widget_type=\"wp-widget-frm_show_form.default\">\n\t\t\t\t<div class=\"elementor-widget-container\">\n\t\t\t\t\t<div class=\"frm_form_widget\"><div class=\"frm_forms  with_frm_style frm_style_style-formidable\" id=\"frm_form_2_container\" data-token=\"a64a8f8df2100fef9c049fed8d98197c\">\n<form enctype=\"multipart\/form-data\" method=\"post\" class=\"frm-show-form  frm_stripe_link_form  frm_ajax_submit \" id=\"form_contact-us\" data-token=\"a64a8f8df2100fef9c049fed8d98197c\">\n<div class=\"frm_form_fields \">\n<fieldset>\n<legend class=\"frm_screen_reader\">j'adhere <\/legend>\r\n\r\n<div class=\"frm_fields_container\">\n<input type=\"hidden\" name=\"frm_action\" value=\"create\" \/>\n<input type=\"hidden\" name=\"form_id\" value=\"2\" \/>\n<input type=\"hidden\" name=\"frm_hide_fields_2\" id=\"frm_hide_fields_2\" value=\"\" \/>\n<input type=\"hidden\" name=\"form_key\" value=\"contact-us\" \/>\n<input type=\"hidden\" name=\"item_meta[0]\" value=\"\" \/>\n<input type=\"hidden\" id=\"frm_submit_entry_2\" name=\"frm_submit_entry_2\" value=\"36838175fa\" \/><input type=\"hidden\" name=\"_wp_http_referer\" value=\"\/index.php?rest_route=%2Fwp%2Fv2%2Fpages%2F23\" \/><div id=\"frm_field_6_container\" class=\"frm_form_field form-field  frm_required_field frm_top_container\">\r\n    <label for=\"field_qh4icy2\" class=\"frm_primary_label\">Nom, pr\u00e9nom \r\n        <span class=\"frm_required\">*<\/span>\r\n    <\/label>\r\n    <input type=\"text\" id=\"field_qh4icy2\" name=\"item_meta[6]\" value=\"\"  data-reqmsg=\"Nom, pr\u00e9nom  cannot be blank.\" aria-required=\"true\" data-invmsg=\"Nom, pr\u00e9nom  est non valide\" aria-invalid=\"false\"  \/>\r\n    \r\n    \r\n<\/div>\n<div id=\"frm_field_12_container\" class=\"frm_form_field form-field  frm_required_field frm_top_container frm6 frm_first\">\r\n\t<label for=\"field_rceh5\" id=\"field_rceh5_label\" class=\"frm_primary_label\">T\u00e9l\u00e9phone\r\n\t\t<span class=\"frm_required\" aria-hidden=\"true\">*<\/span>\r\n\t<\/label>\r\n\t<input type=\"tel\" id=\"field_rceh5\" name=\"item_meta[12]\" value=\"\"  data-reqmsg=\"T\u00e9l\u00e9phone ne peut pas \u00eatre vide.\" aria-required=\"true\" data-invmsg=\"T\u00e9l\u00e9phone est non valide\" aria-invalid=\"false\" pattern=\"((\\+\\d{1,3}(-|.| )?\\(?\\d\\)?(-| |.)?\\d{1,5})|(\\(?\\d{2,6}\\)?))(-|.| )?(\\d{3,4})(-|.| )?(\\d{4})(( x| ext)\\d{1,5}){0,1}$\"  \/>\r\n\t\r\n\t\r\n<\/div>\n<div id=\"frm_field_8_container\" class=\"frm_form_field form-field  frm_required_field frm_top_container frm6\">\r\n    <label for=\"field_29yf4d2\" class=\"frm_primary_label\">Email\r\n        <span class=\"frm_required\">*<\/span>\r\n    <\/label>\r\n    <input type=\"email\" id=\"field_29yf4d2\" name=\"item_meta[8]\" value=\"\"  data-reqmsg=\"Email cannot be blank.\" aria-required=\"true\" data-invmsg=\"Please enter a valid email address\" aria-invalid=\"false\"  \/>\r\n    \r\n    \r\n<\/div>\n<div id=\"frm_field_18_container\" class=\"frm_form_field form-field  frm_required_field frm_top_container frm6 frm_first\">\r\n\t<label for=\"field_jbj3u\" id=\"field_jbj3u_label\" class=\"frm_primary_label\">Num\u00e9ro et rue \r\n\t\t<span class=\"frm_required\" aria-hidden=\"true\">*<\/span>\r\n\t<\/label>\r\n\t<input type=\"tel\" id=\"field_jbj3u\" name=\"item_meta[18]\" value=\"\"  data-reqmsg=\"Num\u00e9ro et rue  ne peut pas \u00eatre vide.\" aria-required=\"true\" data-invmsg=\"Num\u00e9ro et rue  est non valide\" aria-invalid=\"false\" pattern=\"((\\+\\d{1,3}(-|.| )?\\(?\\d\\)?(-| |.)?\\d{1,5})|(\\(?\\d{2,6}\\)?))(-|.| )?(\\d{3,4})(-|.| )?(\\d{4})(( x| ext)\\d{1,5}){0,1}$\"  \/>\r\n\t\r\n\t\r\n<\/div>\n<div id=\"frm_field_20_container\" class=\"frm_form_field form-field  frm_required_field frm_top_container frm6\">\r\n\t<label for=\"field_6wa6y\" id=\"field_6wa6y_label\" class=\"frm_primary_label\">Compl\u00e9ment d'adresse\r\n\t\t<span class=\"frm_required\" aria-hidden=\"true\">*<\/span>\r\n\t<\/label>\r\n\t<input type=\"tel\" id=\"field_6wa6y\" name=\"item_meta[20]\" value=\"\"  data-reqmsg=\"Compl\u00e9ment d&#039;adresse ne peut pas \u00eatre vide.\" aria-required=\"true\" data-invmsg=\"Compl\u00e9ment d&#039;adresse est non valide\" aria-invalid=\"false\" pattern=\"((\\+\\d{1,3}(-|.| )?\\(?\\d\\)?(-| |.)?\\d{1,5})|(\\(?\\d{2,6}\\)?))(-|.| )?(\\d{3,4})(-|.| )?(\\d{4})(( x| ext)\\d{1,5}){0,1}$\"  \/>\r\n\t\r\n\t\r\n<\/div>\n<div id=\"frm_field_15_container\" class=\"frm_form_field form-field  frm_required_field frm_top_container frm6 frm_first\">\r\n\t<label for=\"field_pf3b5\" id=\"field_pf3b5_label\" class=\"frm_primary_label\">Code postal \r\n\t\t<span class=\"frm_required\" aria-hidden=\"true\">*<\/span>\r\n\t<\/label>\r\n\t<input type=\"text\" id=\"field_pf3b5\" name=\"item_meta[15]\" value=\"\"  data-reqmsg=\"Code postal  ne peut pas \u00eatre vide.\" aria-required=\"true\" data-invmsg=\"Code postal  est non valide\" aria-invalid=\"false\"  \/>\r\n\t\r\n\t\r\n<\/div>\n<div id=\"frm_field_19_container\" class=\"frm_form_field form-field  frm_required_field frm_top_container frm6\">\r\n\t<label for=\"field_7t641\" id=\"field_7t641_label\" class=\"frm_primary_label\">Ville\r\n\t\t<span class=\"frm_required\" aria-hidden=\"true\">*<\/span>\r\n\t<\/label>\r\n\t<input type=\"tel\" id=\"field_7t641\" name=\"item_meta[19]\" value=\"\"  data-reqmsg=\"Ville ne peut pas \u00eatre vide.\" aria-required=\"true\" data-invmsg=\"Ville est non valide\" aria-invalid=\"false\" pattern=\"((\\+\\d{1,3}(-|.| )?\\(?\\d\\)?(-| |.)?\\d{1,5})|(\\(?\\d{2,6}\\)?))(-|.| )?(\\d{3,4})(-|.| )?(\\d{4})(( x| ext)\\d{1,5}){0,1}$\"  \/>\r\n\t\r\n\t\r\n<\/div>\n<input type=\"hidden\" id=\"field_xudhj\" name=\"item_meta[21]\" value=\"\"    \/><div id=\"frm_field_22_container\" class=\"frm_form_field form-field  frm_top_container\">\r\n\t<div  id=\"field_mbqd_label\" class=\"frm_primary_label\">En devenant adh\u00e9rent, une cotisation de 5 euros vous sera demand\u00e9e. Veuillez saisir les coordonn\u00e9es de votre carte bancaire pour finaliser l\u2019adh\u00e9sion\r\n\t\t<span class=\"frm_required\" aria-hidden=\"true\"><\/span>\r\n\t<\/div>\r\n\t<div class=\"frm-card-element\" id=\"field_mbqd\"><\/div>\n<div class=\"frm-card-errors frm_error\" id=\"frm_error_field_mbqd\" role=\"alert\"><\/div>\n\r\n\t\r\n\t\r\n<\/div>\n<div id=\"frm_field_11_container\" class=\"frm_form_field form-field \">\r\n\t<div class=\"frm_submit\">\r\n\r\n<button class=\"frm_button_submit\" type=\"submit\" >Devenir adh\u00e9rent<\/button>\r\n\r\n<\/div>\r\n<\/div>\n<input type=\"hidden\" id=\"field_6501d\" name=\"item_meta[27]\" value=\"\"    \/>\t<input type=\"hidden\" name=\"item_key\" value=\"\" \/>\n\t\t\t\t<div class=\"frm__6807a7f100257\">\n\t\t\t\t<label for=\"frm_email_2\" >\n\t\t\t\t\tSi vous \u00eates un humain, ne remplissez pas ce champ.\t\t\t\t<\/label>\n\t\t\t\t<input  id=\"frm_email_2\" type=\"text\" class=\"frm_verify\" name=\"frm__6807a7f100257\" value=\"\" autocomplete=\"off\"  \/>\n\t\t\t<\/div>\n\t\t<input type=\"hidden\" name=\"frmintent2[]\" value=\"pi_3TRXMWCuHaLXthMk19uTOFBS_secret_lJRX6sa7So22qlpXbJ6e8vqfJ\" data-action=\"587\" \/><\/div>\n<\/fieldset>\n<\/div>\n\n<\/form>\n<\/div>\n<\/div>\t\t\t\t<\/div>\n\t\t\t\t<\/div>\n\t\t\t\t\t<\/div>\n\t\t\t\t<\/div>\n\t\t\t\t<\/div>\n\t\t","protected":false},"excerpt":{"rendered":"<p>Devenez adh\u00e9rent de notre association ! Vous souhaitez vous engager \u00e0 nos c\u00f4t\u00e9s et faire bouger les choses ? Rejoignez notre association en devenant adh\u00e9rent ! \u00catre adh\u00e9rent, c\u2019est : Soutenir activement nos actions et nos projets Participer \u00e0 la vie de l\u2019association \u00catre inform\u00e9 en priorit\u00e9 de nos \u00e9v\u00e9nements et activit\u00e9s Avoir un droit&#8230;<\/p>\n","protected":false},"author":1,"featured_media":0,"parent":0,"menu_order":0,"comment_status":"closed","ping_status":"closed","template":"","meta":{"give_campaign_id":0,"_kad_post_transparent":"","_kad_post_title":"","_kad_post_layout":"","_kad_post_sidebar_id":"","_kad_post_content_style":"","_kad_post_vertical_padding":"","_kad_post_feature":"","_kad_post_feature_position":"","_kad_post_header":false,"_kad_post_footer":false,"footnotes":""},"class_list":["post-23","page","type-page","status-publish","hentry"],"campaignId":"","_links":{"self":[{"href":"https:\/\/sauvegardemontsducantal.fr\/index.php?rest_route=\/wp\/v2\/pages\/23","targetHints":{"allow":["GET"]}}],"collection":[{"href":"https:\/\/sauvegardemontsducantal.fr\/index.php?rest_route=\/wp\/v2\/pages"}],"about":[{"href":"https:\/\/sauvegardemontsducantal.fr\/index.php?rest_route=\/wp\/v2\/types\/page"}],"author":[{"embeddable":true,"href":"https:\/\/sauvegardemontsducantal.fr\/index.php?rest_route=\/wp\/v2\/users\/1"}],"replies":[{"embeddable":true,"href":"https:\/\/sauvegardemontsducantal.fr\/index.php?rest_route=%2Fwp%2Fv2%2Fcomments&post=23"}],"version-history":[{"count":47,"href":"https:\/\/sauvegardemontsducantal.fr\/index.php?rest_route=\/wp\/v2\/pages\/23\/revisions"}],"predecessor-version":[{"id":586,"href":"https:\/\/sauvegardemontsducantal.fr\/index.php?rest_route=\/wp\/v2\/pages\/23\/revisions\/586"}],"wp:attachment":[{"href":"https:\/\/sauvegardemontsducantal.fr\/index.php?rest_route=%2Fwp%2Fv2%2Fmedia&parent=23"}],"curies":[{"name":"wp","href":"https:\/\/api.w.org\/{rel}","templated":true}]}}